{"id":174,"date":"2020-01-30T09:28:53","date_gmt":"2020-01-30T09:28:53","guid":{"rendered":"https:\/\/demosites.io\/architecture-gb\/?page_id=174"},"modified":"2025-11-27T19:50:24","modified_gmt":"2025-11-27T16:50:24","slug":"e866c-homepage","status":"publish","type":"page","link":"https:\/\/optikim.com.tr\/","title":{"rendered":"Ana Sayfa"},"content":{"rendered":"\n<div id=\"wp-block-themeisle-blocks-advanced-columns-17417fc2\" class=\"wp-block-themeisle-blocks-advanced-columns alignfull has-1-columns has-desktop-equal-layout has-tablet-equal-layout has-mobile-equal-layout has-vertical-unset\"><div class=\"wp-block-themeisle-blocks-advanced-columns-overlay\"><\/div><div class=\"innerblocks-wrap\">\n<div id=\"wp-block-themeisle-blocks-advanced-column-14a56319\" class=\"wp-block-themeisle-blocks-advanced-column\"><\/div>\n<\/div><\/div>\n\n\n\n<section id=\"wp-block-themeisle-blocks-advanced-columns-335a2f03\" class=\"wp-block-themeisle-blocks-advanced-columns alignfull has-1-columns has-desktop-equal-layout has-tablet-equal-layout has-mobile-equal-layout has-vertical-flex-start has-dark-bg\"><div class=\"wp-block-themeisle-blocks-advanced-columns-overlay\"><\/div><div class=\"innerblocks-wrap\">\n<div id=\"wp-block-themeisle-blocks-advanced-column-5d90343f\" class=\"wp-block-themeisle-blocks-advanced-column\">\n<section id=\"wp-block-themeisle-blocks-advanced-columns-b2ead1d6\" class=\"wp-block-themeisle-blocks-advanced-columns has-2-columns has-desktop-equal-layout has-tablet-equal-layout has-mobile-collapsedRows-layout has-vertical-center\"><div class=\"wp-block-themeisle-blocks-advanced-columns-overlay\"><\/div><div class=\"innerblocks-wrap\">\n<div id=\"wp-block-themeisle-blocks-advanced-column-7c705a1c\" class=\"wp-block-themeisle-blocks-advanced-column\">\n<h6 id=\"wp-block-themeisle-blocks-advanced-heading-a1b00887\" class=\"wp-block-themeisle-blocks-advanced-heading wp-block-themeisle-blocks-advanced-heading-a1b00887\"><\/h6>\n\n\n\n<h2 class=\"wp-block-heading has-nv-text-dark-bg-color has-text-color\">G\u00d6ZL\u00dcK \u00dcRET\u0130C\u0130LER\u0130N\u0130N TEDAR\u0130K\u00c7\u0130S\u0130<\/h2>\n\n\n\n<p class=\"has-nv-text-dark-bg-color has-text-color\">G\u00f6zl\u00fck \u00fcretiminde ihtiya\u00e7 duyulan \u00fcr\u00fcnler.<\/p>\n\n\n\n<div class=\"wp-block-buttons is-layout-flex wp-block-buttons-is-layout-flex\">\n<div class=\"wp-block-button is-style-secondary\"><a class=\"wp-block-button__link wp-element-button\" href=\"https:\/\/optikim.com.tr\/?page_id=48\">\u00dcr\u00fcnler<\/a><\/div>\n<\/div>\n<\/div>\n\n\n\n<div id=\"wp-block-themeisle-blocks-advanced-column-5f9a9ec0\" class=\"wp-block-themeisle-blocks-advanced-column\">\n<figure class=\"wp-block-image size-full animated fadeInUp delay-100ms slow\"><img loading=\"lazy\" decoding=\"async\" width=\"774\" height=\"387\" src=\"https:\/\/optikim.com.tr\/wp-content\/uploads\/2025\/01\/gozluk.jpg\" alt=\"\" class=\"wp-image-417\" srcset=\"https:\/\/optikim.com.tr\/wp-content\/uploads\/2025\/01\/gozluk.jpg 774w, https:\/\/optikim.com.tr\/wp-content\/uploads\/2025\/01\/gozluk-300x150.jpg 300w, https:\/\/optikim.com.tr\/wp-content\/uploads\/2025\/01\/gozluk-768x384.jpg 768w\" sizes=\"auto, (max-width: 774px) 100vw, 774px\" \/><\/figure>\n<\/div>\n<\/div><\/section>\n\n\n\n<section id=\"wp-block-themeisle-blocks-advanced-columns-8e7cc7ae\" class=\"wp-block-themeisle-blocks-advanced-columns has-3-columns has-desktop-equal-layout has-tablet-equal-layout has-mobile-collapsedRows-layout has-vertical-flex-start\"><div class=\"wp-block-themeisle-blocks-advanced-columns-overlay\"><\/div><div class=\"innerblocks-wrap\">\n<div id=\"wp-block-themeisle-blocks-advanced-column-725f10a7\" class=\"wp-block-themeisle-blocks-advanced-column\"><div class=\"wp-block-image animated fadeInUp slow\">\n<figure class=\"aligncenter size-full is-resized\"><img loading=\"lazy\" decoding=\"async\" width=\"1600\" height=\"949\" src=\"https:\/\/optikim.com.tr\/wp-content\/uploads\/2025\/01\/fabrika31-1.jpg\" alt=\"\" class=\"wp-image-420\" style=\"width:324px;height:auto\" srcset=\"https:\/\/optikim.com.tr\/wp-content\/uploads\/2025\/01\/fabrika31-1.jpg 1600w, https:\/\/optikim.com.tr\/wp-content\/uploads\/2025\/01\/fabrika31-1-300x178.jpg 300w, https:\/\/optikim.com.tr\/wp-content\/uploads\/2025\/01\/fabrika31-1-1024x607.jpg 1024w, https:\/\/optikim.com.tr\/wp-content\/uploads\/2025\/01\/fabrika31-1-768x456.jpg 768w, https:\/\/optikim.com.tr\/wp-content\/uploads\/2025\/01\/fabrika31-1-1536x911.jpg 1536w\" sizes=\"auto, (max-width: 1600px) 100vw, 1600px\" \/><\/figure>\n<\/div><\/div>\n\n\n\n<div id=\"wp-block-themeisle-blocks-advanced-column-3c67f726\" class=\"wp-block-themeisle-blocks-advanced-column\"><div class=\"wp-block-image animated fadeInUp delay-200ms slow\">\n<figure class=\"aligncenter size-large\"><img loading=\"lazy\" decoding=\"async\" width=\"1024\" height=\"559\" src=\"https:\/\/optikim.com.tr\/wp-content\/uploads\/2025\/01\/fabrika41-1024x559.jpg\" alt=\"\" class=\"wp-image-421\" srcset=\"https:\/\/optikim.com.tr\/wp-content\/uploads\/2025\/01\/fabrika41-1024x559.jpg 1024w, https:\/\/optikim.com.tr\/wp-content\/uploads\/2025\/01\/fabrika41-300x164.jpg 300w, https:\/\/optikim.com.tr\/wp-content\/uploads\/2025\/01\/fabrika41-768x419.jpg 768w, https:\/\/optikim.com.tr\/wp-content\/uploads\/2025\/01\/fabrika41.jpg 1056w\" sizes=\"auto, (max-width: 1024px) 100vw, 1024px\" \/><\/figure>\n<\/div><\/div>\n\n\n\n<div id=\"wp-block-themeisle-blocks-advanced-column-4956dbc0\" class=\"wp-block-themeisle-blocks-advanced-column\"><div class=\"wp-block-image animated fadeInUp delay-500ms slow\">\n<figure class=\"aligncenter size-large is-resized\"><img loading=\"lazy\" decoding=\"async\" width=\"1024\" height=\"790\" src=\"https:\/\/optikim.com.tr\/wp-content\/uploads\/2025\/01\/fabrika411-1024x790.jpg\" alt=\"\" class=\"wp-image-422\" style=\"width:246px;height:auto\" srcset=\"https:\/\/optikim.com.tr\/wp-content\/uploads\/2025\/01\/fabrika411-1024x790.jpg 1024w, https:\/\/optikim.com.tr\/wp-content\/uploads\/2025\/01\/fabrika411-300x231.jpg 300w, https:\/\/optikim.com.tr\/wp-content\/uploads\/2025\/01\/fabrika411-768x592.jpg 768w, https:\/\/optikim.com.tr\/wp-content\/uploads\/2025\/01\/fabrika411.jpg 1400w\" sizes=\"auto, (max-width: 1024px) 100vw, 1024px\" \/><\/figure>\n<\/div><\/div>\n<\/div><\/section>\n<\/div>\n<\/div><\/section>\n\n\n\n<div class=\"wp-block-group alignwide alignfull is-content-justification-center\" style=\"margin-top:0;margin-bottom:0\"><div class=\"wp-block-group__inner-container is-layout-constrained wp-block-group-is-layout-constrained\">\n<div style=\"height:var(--wp--preset--spacing--20)\" aria-hidden=\"true\" class=\"wp-block-spacer\"><\/div>\n\n\n\n<div class=\"wp-block-group\"><div class=\"wp-block-group__inner-container is-layout-flow wp-block-group-is-layout-flow\">\n<div class=\"wp-block-columns are-vertically-aligned-top is-layout-flex wp-container-core-columns-is-layout-ac3ebc3b wp-block-columns-is-layout-flex\">\n<div class=\"wp-block-column is-vertically-aligned-top is-content-justification-left is-layout-constrained wp-container-core-column-is-layout-02d07192 wp-block-column-is-layout-constrained\">\n<h2 class=\"wp-block-heading\">SILMO \u0130STANBUL G\u00d6ZL\u00dcK FUARI<\/h2>\n\n\n\n<p><\/p>\n<\/div>\n\n\n\n<div class=\"wp-block-column is-vertically-aligned-top is-layout-flow wp-block-column-is-layout-flow\" style=\"flex-basis:40%\">\n<p class=\"has-text-align-center\">19-22 Kas\u0131m 2025 tarihleri aras\u0131nda \u0130stanbul\u2019da d\u00fczenlenen G\u00f6zl\u00fck Fuar\u0131nda \u00dcreticilerimiz ile bulu\u015ftuk. Yeni \u00fcr\u00fcnlerimiz, vibrasyon, tamburlama ve polisaj konusunda \u00fcreticilerimizin ihtiya\u00e7lar\u0131na y\u00f6nelik bilgilendirici toplant\u0131\/seminerler yapt\u0131k.<\/p>\n<\/div>\n<\/div>\n\n\n\n<div style=\"height:var(--wp--preset--spacing--20)\" aria-hidden=\"true\" class=\"wp-block-spacer\"><\/div>\n\n\n\n<figure class=\"wp-block-image alignwide size-large\"><img loading=\"lazy\" decoding=\"async\" width=\"1024\" height=\"677\" src=\"https:\/\/optikim.com.tr\/wp-content\/uploads\/2025\/11\/WhatsApp-Image-2025-11-27-at-18.04.14-2-1024x677.jpeg\" alt=\"\" class=\"wp-image-771\" srcset=\"https:\/\/optikim.com.tr\/wp-content\/uploads\/2025\/11\/WhatsApp-Image-2025-11-27-at-18.04.14-2-1024x677.jpeg 1024w, https:\/\/optikim.com.tr\/wp-content\/uploads\/2025\/11\/WhatsApp-Image-2025-11-27-at-18.04.14-2-300x198.jpeg 300w, https:\/\/optikim.com.tr\/wp-content\/uploads\/2025\/11\/WhatsApp-Image-2025-11-27-at-18.04.14-2-768x507.jpeg 768w, https:\/\/optikim.com.tr\/wp-content\/uploads\/2025\/11\/WhatsApp-Image-2025-11-27-at-18.04.14-2.jpeg 1471w\" sizes=\"auto, (max-width: 1024px) 100vw, 1024px\" \/><\/figure>\n<\/div><\/div>\n\n\n\n<div style=\"height:var(--wp--preset--spacing--20)\" aria-hidden=\"true\" class=\"wp-block-spacer\"><\/div>\n<\/div><\/div>\n\n\n\n<section id=\"wp-block-themeisle-blocks-advanced-columns-dab9e0bf\" class=\"wp-block-themeisle-blocks-advanced-columns alignfull has-1-columns has-desktop-equal-layout has-tablet-equal-layout has-mobile-equal-layout has-vertical-flex-start has-light-bg\"><div class=\"wp-block-themeisle-blocks-advanced-columns-overlay\"><\/div><div class=\"innerblocks-wrap\">\n<div id=\"wp-block-themeisle-blocks-advanced-column-9df22226\" class=\"wp-block-themeisle-blocks-advanced-column\">\n<section id=\"wp-block-themeisle-blocks-advanced-columns-25c95699\" class=\"wp-block-themeisle-blocks-advanced-columns has-1-columns has-desktop-equal-layout has-tablet-equal-layout has-mobile-equal-layout has-vertical-flex-start\"><div class=\"wp-block-themeisle-blocks-advanced-columns-overlay\"><\/div><div class=\"innerblocks-wrap\">\n<div id=\"wp-block-themeisle-blocks-advanced-column-d4d9a4f8\" class=\"wp-block-themeisle-blocks-advanced-column\">\n<h6 id=\"wp-block-themeisle-blocks-advanced-heading-f3fb37f8\" class=\"wp-block-themeisle-blocks-advanced-heading wp-block-themeisle-blocks-advanced-heading-f3fb37f8\">\u0130\u015f ortaklar\u0131m\u0131z<\/h6>\n\n\n<div class=\"aligncenter wp-block-site-logo\"><a href=\"https:\/\/optikim.com.tr\/\" class=\"custom-logo-link\" rel=\"home\"><img loading=\"lazy\" decoding=\"async\" width=\"176\" height=\"43\" src=\"https:\/\/optikim.com.tr\/wp-content\/uploads\/2024\/12\/optikim-degradeyesil-logo.png\" class=\"custom-logo\" alt=\"Optik Kimya ve Plastik \u00fcr\u00fcnler San. Ve Tic. Ltd. \u015eti.\" srcset=\"https:\/\/optikim.com.tr\/wp-content\/uploads\/2024\/12\/optikim-degradeyesil-logo.png 6575w, https:\/\/optikim.com.tr\/wp-content\/uploads\/2024\/12\/optikim-degradeyesil-logo-300x73.png 300w, https:\/\/optikim.com.tr\/wp-content\/uploads\/2024\/12\/optikim-degradeyesil-logo-1024x250.png 1024w, https:\/\/optikim.com.tr\/wp-content\/uploads\/2024\/12\/optikim-degradeyesil-logo-768x188.png 768w, https:\/\/optikim.com.tr\/wp-content\/uploads\/2024\/12\/optikim-degradeyesil-logo-1536x375.png 1536w, https:\/\/optikim.com.tr\/wp-content\/uploads\/2024\/12\/optikim-degradeyesil-logo-2048x501.png 2048w\" sizes=\"auto, (max-width: 176px) 100vw, 176px\" \/><\/a><\/div>\n\n\n<h2 id=\"wp-block-themeisle-blocks-advanced-heading-63552066\" class=\"wp-block-themeisle-blocks-advanced-heading wp-block-themeisle-blocks-advanced-heading-63552066\"><\/h2>\n\n\n\n<div class=\"wp-block-columns is-layout-flex wp-container-core-columns-is-layout-9d6595d7 wp-block-columns-is-layout-flex\">\n<div class=\"wp-block-column is-layout-flow wp-block-column-is-layout-flow\" style=\"flex-basis:25%\">\n<figure class=\"wp-block-gallery has-nested-images columns-default is-cropped wp-block-gallery-1 is-layout-flex wp-block-gallery-is-layout-flex\">\n<figure class=\"wp-block-image size-full\"><img loading=\"lazy\" decoding=\"async\" width=\"277\" height=\"104\" data-id=\"434\" src=\"https:\/\/optikim.com.tr\/wp-content\/uploads\/2025\/01\/koyu-logo.jpg\" alt=\"\" class=\"wp-image-434\"\/><\/figure>\n<\/figure>\n<\/div>\n\n\n\n<div class=\"wp-block-column is-layout-flow wp-block-column-is-layout-flow\" style=\"flex-basis:50%\"><\/div>\n\n\n\n<div class=\"wp-block-column is-layout-flow wp-block-column-is-layout-flow\" style=\"flex-basis:25%\">\n<figure class=\"wp-block-gallery has-nested-images columns-default is-cropped wp-block-gallery-2 is-layout-flex wp-block-gallery-is-layout-flex\">\n<figure class=\"wp-block-image size-full\"><img loading=\"lazy\" decoding=\"async\" width=\"158\" height=\"76\" data-id=\"440\" src=\"https:\/\/optikim.com.tr\/wp-content\/uploads\/2025\/01\/logo-sct-2-1.jpg\" alt=\"\" class=\"wp-image-440\"\/><\/figure>\n<\/figure>\n<\/div>\n<\/div>\n<\/div>\n<\/div><\/section>\n<\/div>\n<\/div><\/section>\n\n\n<div class=\"wp-block-image\">\n<figure class=\"aligncenter size-full is-resized\"><img loading=\"lazy\" decoding=\"async\" width=\"900\" height=\"271\" src=\"https:\/\/optikim.com.tr\/wp-content\/uploads\/2025\/01\/PROTECTION-PIC71.png\" alt=\"\" class=\"wp-image-496\" style=\"width:548px;height:auto\" srcset=\"https:\/\/optikim.com.tr\/wp-content\/uploads\/2025\/01\/PROTECTION-PIC71.png 900w, https:\/\/optikim.com.tr\/wp-content\/uploads\/2025\/01\/PROTECTION-PIC71-300x90.png 300w, https:\/\/optikim.com.tr\/wp-content\/uploads\/2025\/01\/PROTECTION-PIC71-768x231.png 768w\" sizes=\"auto, (max-width: 900px) 100vw, 900px\" \/><\/figure>\n<\/div>\n\n\n<div id=\"wp-block-themeisle-blocks-advanced-columns-27c6d13c\" class=\"wp-block-themeisle-blocks-advanced-columns alignfull has-2-columns has-desktop-equal-layout has-tablet-equal-layout has-mobile-collapsedRows-layout has-vertical-unset has-dark-bg\"><div class=\"wp-block-themeisle-blocks-advanced-columns-overlay\"><\/div><div class=\"innerblocks-wrap\">\n<div id=\"wp-block-themeisle-blocks-advanced-column-00efda99\" class=\"wp-block-themeisle-blocks-advanced-column\">\n<h6 id=\"wp-block-themeisle-blocks-advanced-heading-3cd4859d\" class=\"wp-block-themeisle-blocks-advanced-heading wp-block-themeisle-blocks-advanced-heading-3cd4859d\">PLANNING<\/h6>\n\n\n\n<h2 class=\"wp-block-heading has-nv-text-dark-bg-color has-text-color\">Vernici Caldart<\/h2>\n\n\n\n<figure class=\"wp-block-image size-large is-resized\"><img loading=\"lazy\" decoding=\"async\" width=\"845\" height=\"1024\" src=\"https:\/\/optikim.com.tr\/wp-content\/uploads\/2025\/11\/VERNICI-3-845x1024.jpg\" alt=\"\" class=\"wp-image-710\" style=\"width:212px;height:auto\" srcset=\"https:\/\/optikim.com.tr\/wp-content\/uploads\/2025\/11\/VERNICI-3-845x1024.jpg 845w, https:\/\/optikim.com.tr\/wp-content\/uploads\/2025\/11\/VERNICI-3-247x300.jpg 247w, https:\/\/optikim.com.tr\/wp-content\/uploads\/2025\/11\/VERNICI-3-768x931.jpg 768w, https:\/\/optikim.com.tr\/wp-content\/uploads\/2025\/11\/VERNICI-3-1267x1536.jpg 1267w, https:\/\/optikim.com.tr\/wp-content\/uploads\/2025\/11\/VERNICI-3-1689x2048.jpg 1689w, https:\/\/optikim.com.tr\/wp-content\/uploads\/2025\/11\/VERNICI-3.jpg 1812w\" sizes=\"auto, (max-width: 845px) 100vw, 845px\" \/><\/figure>\n<\/div>\n\n\n\n<div id=\"wp-block-themeisle-blocks-advanced-column-a7440713\" class=\"wp-block-themeisle-blocks-advanced-column\">\n<figure class=\"wp-block-image size-large animated fadeInUp slow\"><img loading=\"lazy\" decoding=\"async\" width=\"1024\" height=\"830\" src=\"https:\/\/optikim.com.tr\/wp-content\/uploads\/2025\/01\/fabrika21-1024x830.jpg\" alt=\"\" class=\"wp-image-423\" srcset=\"https:\/\/optikim.com.tr\/wp-content\/uploads\/2025\/01\/fabrika21-1024x830.jpg 1024w, https:\/\/optikim.com.tr\/wp-content\/uploads\/2025\/01\/fabrika21-300x243.jpg 300w, https:\/\/optikim.com.tr\/wp-content\/uploads\/2025\/01\/fabrika21-768x622.jpg 768w, https:\/\/optikim.com.tr\/wp-content\/uploads\/2025\/01\/fabrika21.jpg 1111w\" sizes=\"auto, (max-width: 1024px) 100vw, 1024px\" \/><\/figure>\n<\/div>\n<\/div><\/div>\n\n\n\n<div id=\"wp-block-themeisle-blocks-advanced-columns-7591d0fe\" class=\"wp-block-themeisle-blocks-advanced-columns alignfull has-2-columns has-desktop-equal-layout has-tablet-equal-layout has-mobile-collapsedRows-layout has-vertical-unset has-light-bg\"><div class=\"wp-block-themeisle-blocks-advanced-columns-overlay\"><\/div><div class=\"innerblocks-wrap\">\n<div id=\"wp-block-themeisle-blocks-advanced-column-580947ad\" class=\"wp-block-themeisle-blocks-advanced-column\">\n<figure class=\"wp-block-image size-large animated fadeInUp slow\"><img loading=\"lazy\" decoding=\"async\" width=\"1024\" height=\"325\" src=\"https:\/\/optikim.com.tr\/wp-content\/uploads\/2025\/01\/fabrika1-1024x325.jpg\" alt=\"\" class=\"wp-image-424\" srcset=\"https:\/\/optikim.com.tr\/wp-content\/uploads\/2025\/01\/fabrika1-1024x325.jpg 1024w, https:\/\/optikim.com.tr\/wp-content\/uploads\/2025\/01\/fabrika1-300x95.jpg 300w, https:\/\/optikim.com.tr\/wp-content\/uploads\/2025\/01\/fabrika1-768x244.jpg 768w, https:\/\/optikim.com.tr\/wp-content\/uploads\/2025\/01\/fabrika1-1536x488.jpg 1536w, https:\/\/optikim.com.tr\/wp-content\/uploads\/2025\/01\/fabrika1.jpg 1688w\" sizes=\"auto, (max-width: 1024px) 100vw, 1024px\" \/><\/figure>\n<\/div>\n\n\n\n<div id=\"wp-block-themeisle-blocks-advanced-column-1a2d16c7\" class=\"wp-block-themeisle-blocks-advanced-column\">\n<h6 id=\"wp-block-themeisle-blocks-advanced-heading-8e9a017c\" class=\"wp-block-themeisle-blocks-advanced-heading wp-block-themeisle-blocks-advanced-heading-8e9a017c\"><\/h6>\n\n\n\n<h2 class=\"wp-block-heading has-text-color-color has-text-color\"><\/h2>\n\n\n\n<p class=\"has-text-color-color has-text-color\"><\/p>\n<\/div>\n<\/div><\/div>\n\n\n\n<div id=\"wp-block-themeisle-blocks-advanced-columns-40db0924\" class=\"wp-block-themeisle-blocks-advanced-columns alignfull has-1-columns has-desktop-equal-layout has-tablet-equal-layout has-mobile-collapsedRows-layout has-vertical-top ticss-c00aadba\"><div class=\"wp-block-themeisle-blocks-advanced-columns-overlay\"><\/div><div class=\"innerblocks-wrap\">\n<div id=\"wp-block-themeisle-blocks-advanced-column-006aede9\" class=\"wp-block-themeisle-blocks-advanced-column\">\n<div id=\"wp-block-themeisle-blocks-font-awesome-icons-2b7e7997\" class=\"wp-block-themeisle-blocks-font-awesome-icons\"><span class=\"wp-block-themeisle-blocks-font-awesome-icons-container\"><svg xmlns=\"http:\/\/www.w3.org\/2000\/svg\" viewBox=\"0 0 1800 1800\"><path d=\"M531.087,344.727c0.247,0,0.492,0.033,0.739,0.033h453.558c16.819,0,30.444-13.625,30.444-30.436 c0-16.815-13.625-30.435-30.444-30.435H638.226H531.826c-16.811,0-30.44,13.62-30.44,30.435 C501.386,330.885,514.624,344.331,531.087,344.727z\"><\/path><path d=\"M531.826,497.389h749.422c16.814,0,30.443-13.629,30.443-30.439c0-16.814-13.629-30.439-30.443-30.439 H531.826c-16.811,0-30.44,13.625-30.44,30.439C501.386,483.76,515.016,497.389,531.826,497.389z\"><\/path><path d=\"M531.826,650.009h749.422c16.814,0,30.443-13.633,30.443-30.444c0-8.872-3.822-16.827-9.877-22.389 c-5.424-4.982-12.625-8.046-20.566-8.046H531.826c-7.938,0-15.143,3.064-20.567,8.046c-6.054,5.562-9.873,13.517-9.873,22.389 C501.386,636.376,515.016,650.009,531.826,650.009z\"><\/path><path d=\"M1311.691,772.194c0-16.806-13.629-30.436-30.443-30.436H531.826c-16.811,0-30.44,13.629-30.44,30.436 c0,16.815,13.629,30.444,30.44,30.444h749.422C1298.063,802.638,1311.691,789.009,1311.691,772.194z\"><\/path><path d=\"M1772.088,533.511c-2.481-3.422-5.691-6.4-9.603-8.622l-246.454-139.961v-82.389v-9.853 c-1.264-7.738-5.432-14.501-11.406-19.066l-49.465-42.835l-131.073-113.508l-61.889-53.596c-5.286-4.582-11.866-7.021-18.591-7.275 h-2.197H937.55h-66.904H383.746c-47.809,0-86.705,38.895-86.705,86.696V382.15L61.554,515.893 c-31.678,11.565-54.396,41.913-54.396,77.54v1067.543c0,45.554,37.064,82.618,82.622,82.618h1625.598 c45.558,0,82.623-37.064,82.623-82.618V593.433C1798,569.839,1788.002,548.583,1772.088,533.511z M1614.426,510.814l92.579,52.583 l-11.661,8.301l-179.313,127.664V571.698v-60.883v-55.873L1614.426,510.814z M1405.5,267.454h-132.895V152.361L1405.5,267.454z M357.922,571.698v-60.883v-93.226v-70.01V143.102c0-14.239,11.585-25.825,25.824-25.825h379.699H886.73h34.734h123.285h167.617 v180.296c0,16.631,13.483,30.11,30.119,30.11h212.674v22.668v70.015v90.448v60.883V742.7l-397.298,282.87l-50.781,36.148 l-18.591,13.241l-81.088,57.728l-81.093-57.728l-18.611-13.25l-50.782-36.155L357.922,741.483V571.698z M193.76,510.814 l103.281-58.649v58.649v60.883V698.14L119.448,571.698l-14.597-10.395L193.76,510.814z M68.036,1648.984V609.822l229.005,163.047 l60.88,43.344L710.7,1067.38l-8.372,7.58l-67.267,60.871L68.036,1648.984z M121.495,1682.723l604.294-546.892l35.693-32.304 l45.37,32.304l82.897,59.028c5.283,3.76,11.462,5.637,17.653,5.637c6.187,0,12.369-1.877,17.652-5.637l82.889-59.028l45.354-32.286 l35.686,32.286l604.311,546.892H121.495z M1737.119,1640.271l-557.41-504.439l-67.267-60.871l-8.359-7.563l351.077-249.962 l60.871-43.348l221.088-157.407V1640.271z\"><\/path><\/svg><\/span><\/div>\n\n\n\n<h2 id=\"wp-block-themeisle-blocks-advanced-heading-8e35b90f\" class=\"wp-block-themeisle-blocks-advanced-heading wp-block-themeisle-blocks-advanced-heading-8e35b90f\">bize ula\u015f\u0131n<\/h2>\n\n\n\n<p><\/p>\n\n\n\n<div id=\"wp-block-themeisle-blocks-icon-list-dfc1fb3a\" class=\"wp-block-themeisle-blocks-icon-list\">\n<div id=\"wp-block-themeisle-blocks-icon-list-item-e6a57e87\" class=\"wp-block-themeisle-blocks-icon-list-item\"><i class=\"fas fa-phone wp-block-themeisle-blocks-icon-list-item-icon\"><\/i><p class=\"wp-block-themeisle-blocks-icon-list-item-content\">0532 211 17 99<\/p><\/div>\n\n\n\n<div id=\"wp-block-themeisle-blocks-icon-list-item-648b3a6e\" class=\"wp-block-themeisle-blocks-icon-list-item\"><i class=\"far fa-envelope wp-block-themeisle-blocks-icon-list-item-icon\"><\/i><p class=\"wp-block-themeisle-blocks-icon-list-item-content\">ismail@optikim.com.tr<\/p><\/div>\n\n\n\n<div id=\"wp-block-themeisle-blocks-icon-list-item-d4eec3f8\" class=\"wp-block-themeisle-blocks-icon-list-item\"><i class=\"fas fa-map-marker-alt wp-block-themeisle-blocks-icon-list-item-icon\"><\/i><p class=\"wp-block-themeisle-blocks-icon-list-item-content\">Optik Kimya ve Plastik \u00fcr\u00fcnler San. Ve Tic. Ltd. \u015eti.<br>\u0130vedik OSB 1363 Cad. No:42 06378 Yenimahalle \/ ANKARA<\/p><\/div>\n<\/div>\n\n\n\n<div style=\"height:20px\" aria-hidden=\"true\" class=\"wp-block-spacer\"><\/div>\n<\/div>\n<\/div><\/div>\n\n\n\n<p><\/p>\n","protected":false},"excerpt":{"rendered":"<p>SILMO \u0130STANBUL G\u00d6ZL\u00dcK FUARI 19-22 Kas\u0131m 2025 tarihleri aras\u0131nda \u0130stanbul\u2019da d\u00fczenlenen G\u00f6zl\u00fck Fuar\u0131nda \u00dcreticilerimiz ile bulu\u015ftuk. Yeni \u00fcr\u00fcnlerimiz, vibrasyon, tamburlama ve polisaj konusunda \u00fcreticilerimizin ihtiya\u00e7lar\u0131na y\u00f6nelik bilgilendirici toplant\u0131\/seminerler yapt\u0131k.<\/p>\n","protected":false},"author":1,"featured_media":0,"parent":0,"menu_order":0,"comment_status":"closed","ping_status":"closed","template":"page-templates\/template-pagebuilder-full-width.php","meta":{"neve_meta_sidebar":"full-width","neve_meta_container":"","neve_meta_enable_content_width":"on","neve_meta_content_width":100,"neve_meta_title_alignment":"","neve_meta_author_avatar":"","neve_post_elements_order":"","neve_meta_disable_header":"","neve_meta_disable_footer":"","neve_meta_disable_title":"","_themeisle_gutenberg_block_has_review":false,"footnotes":""},"class_list":["post-174","page","type-page","status-publish","hentry"],"_links":{"self":[{"href":"https:\/\/optikim.com.tr\/index.php?rest_route=\/wp\/v2\/pages\/174","targetHints":{"allow":["GET"]}}],"collection":[{"href":"https:\/\/optikim.com.tr\/index.php?rest_route=\/wp\/v2\/pages"}],"about":[{"href":"https:\/\/optikim.com.tr\/index.php?rest_route=\/wp\/v2\/types\/page"}],"author":[{"embeddable":true,"href":"https:\/\/optikim.com.tr\/index.php?rest_route=\/wp\/v2\/users\/1"}],"replies":[{"embeddable":true,"href":"https:\/\/optikim.com.tr\/index.php?rest_route=%2Fwp%2Fv2%2Fcomments&post=174"}],"version-history":[{"count":52,"href":"https:\/\/optikim.com.tr\/index.php?rest_route=\/wp\/v2\/pages\/174\/revisions"}],"predecessor-version":[{"id":784,"href":"https:\/\/optikim.com.tr\/index.php?rest_route=\/wp\/v2\/pages\/174\/revisions\/784"}],"wp:attachment":[{"href":"https:\/\/optikim.com.tr\/index.php?rest_route=%2Fwp%2Fv2%2Fmedia&parent=174"}],"curies":[{"name":"wp","href":"https:\/\/api.w.org\/{rel}","templated":true}]}}