{"id":453,"date":"2025-01-04T16:41:05","date_gmt":"2025-01-04T13:41:05","guid":{"rendered":"https:\/\/optikim.com.tr\/?page_id=453"},"modified":"2025-11-03T22:43:47","modified_gmt":"2025-11-03T19:43:47","slug":"boya","status":"publish","type":"page","link":"https:\/\/optikim.com.tr\/?page_id=453","title":{"rendered":"\u00d6rt\u00fcc\u00fc Boyalar"},"content":{"rendered":"\n<div id=\"wp-block-themeisle-blocks-advanced-columns-29c9ec04\" class=\"wp-block-themeisle-blocks-advanced-columns alignfull has-3-columns has-desktop-equal-layout has-tablet-equal-layout has-mobile-collapsedRows-layout has-vertical-unset\"><div class=\"wp-block-themeisle-blocks-advanced-columns-overlay\"><\/div><div class=\"innerblocks-wrap\">\n<div id=\"wp-block-themeisle-blocks-advanced-column-0c1c72c3\" class=\"wp-block-themeisle-blocks-advanced-column\">\n<figure class=\"wp-block-image size-large has-custom-border\"><a href=\"https:\/\/optikim.com.tr\/wp-content\/uploads\/2025\/11\/P100-scaled.jpg\"><img loading=\"lazy\" decoding=\"async\" width=\"1024\" height=\"683\" src=\"https:\/\/optikim.com.tr\/wp-content\/uploads\/2025\/11\/P100-1024x683.jpg\" alt=\"\" class=\"wp-image-678\" style=\"border-style:none;border-width:0px;border-radius:0px\" srcset=\"https:\/\/optikim.com.tr\/wp-content\/uploads\/2025\/11\/P100-1024x683.jpg 1024w, https:\/\/optikim.com.tr\/wp-content\/uploads\/2025\/11\/P100-300x200.jpg 300w, https:\/\/optikim.com.tr\/wp-content\/uploads\/2025\/11\/P100-768x512.jpg 768w, https:\/\/optikim.com.tr\/wp-content\/uploads\/2025\/11\/P100-1536x1024.jpg 1536w, https:\/\/optikim.com.tr\/wp-content\/uploads\/2025\/11\/P100-2048x1365.jpg 2048w, https:\/\/optikim.com.tr\/wp-content\/uploads\/2025\/11\/P100-930x620.jpg 930w\" sizes=\"auto, (max-width: 1024px) 100vw, 1024px\" \/><\/a><\/figure>\n\n\n\n<div style=\"height:16px\" aria-hidden=\"true\" class=\"wp-block-spacer\"><\/div>\n\n\n\n<h3 class=\"wp-block-heading has-text-align-center has-text-color has-link-color wp-elements-4435ed4ad6c3b05e30938baa1b56bd5a\" style=\"color:#070731;margin-top:0px\">p100<\/h3>\n\n\n\n<p class=\"has-text-align-center has-text-color\" style=\"color:#ee3832;font-size:14px\"><strong>\u00dcr\u00fcn Bilgisi<\/strong><\/p>\n<\/div>\n\n\n\n<div id=\"wp-block-themeisle-blocks-advanced-column-28d7c423\" class=\"wp-block-themeisle-blocks-advanced-column\">\n<figure class=\"wp-block-image size-large has-custom-border\"><a href=\"https:\/\/optikim.com.tr\/wp-content\/uploads\/2025\/11\/P900-scaled.jpg\"><img loading=\"lazy\" decoding=\"async\" width=\"1024\" height=\"683\" src=\"https:\/\/optikim.com.tr\/wp-content\/uploads\/2025\/11\/P900-1024x683.jpg\" alt=\"\" class=\"wp-image-679\" style=\"border-style:none;border-width:0px;border-radius:0px\" srcset=\"https:\/\/optikim.com.tr\/wp-content\/uploads\/2025\/11\/P900-1024x683.jpg 1024w, https:\/\/optikim.com.tr\/wp-content\/uploads\/2025\/11\/P900-300x200.jpg 300w, https:\/\/optikim.com.tr\/wp-content\/uploads\/2025\/11\/P900-768x512.jpg 768w, https:\/\/optikim.com.tr\/wp-content\/uploads\/2025\/11\/P900-1536x1024.jpg 1536w, https:\/\/optikim.com.tr\/wp-content\/uploads\/2025\/11\/P900-2048x1365.jpg 2048w, https:\/\/optikim.com.tr\/wp-content\/uploads\/2025\/11\/P900-930x620.jpg 930w\" sizes=\"auto, (max-width: 1024px) 100vw, 1024px\" \/><\/a><\/figure>\n\n\n\n<div style=\"height:16px\" aria-hidden=\"true\" class=\"wp-block-spacer\"><\/div>\n\n\n\n<h3 class=\"wp-block-heading has-text-align-center has-text-color has-link-color wp-elements-8141709313356b805677bafa5ff12d2f\" style=\"color:#070731;margin-top:0px\">p900<\/h3>\n\n\n\n<p class=\"has-text-align-center has-text-color\" style=\"color:#ee3832;font-size:14px\"><strong><strong><strong>\u00dcr\u00fcn Bilgisi<\/strong><\/strong><\/strong><\/p>\n<\/div>\n\n\n\n<div id=\"wp-block-themeisle-blocks-advanced-column-771be624\" class=\"wp-block-themeisle-blocks-advanced-column\">\n<figure class=\"wp-block-image size-large has-custom-border\"><a href=\"https:\/\/optikim.com.tr\/wp-content\/uploads\/2025\/11\/TP106-scaled.jpg\"><img loading=\"lazy\" decoding=\"async\" width=\"1024\" height=\"683\" src=\"https:\/\/optikim.com.tr\/wp-content\/uploads\/2025\/11\/TP106-1024x683.jpg\" alt=\"\" class=\"wp-image-680\" style=\"border-style:none;border-width:0px;border-radius:0px\" srcset=\"https:\/\/optikim.com.tr\/wp-content\/uploads\/2025\/11\/TP106-1024x683.jpg 1024w, https:\/\/optikim.com.tr\/wp-content\/uploads\/2025\/11\/TP106-300x200.jpg 300w, https:\/\/optikim.com.tr\/wp-content\/uploads\/2025\/11\/TP106-768x512.jpg 768w, https:\/\/optikim.com.tr\/wp-content\/uploads\/2025\/11\/TP106-1536x1024.jpg 1536w, https:\/\/optikim.com.tr\/wp-content\/uploads\/2025\/11\/TP106-2048x1365.jpg 2048w, https:\/\/optikim.com.tr\/wp-content\/uploads\/2025\/11\/TP106-930x620.jpg 930w\" sizes=\"auto, (max-width: 1024px) 100vw, 1024px\" \/><\/a><\/figure>\n\n\n\n<div style=\"height:16px\" aria-hidden=\"true\" class=\"wp-block-spacer\"><\/div>\n\n\n\n<h3 class=\"wp-block-heading has-text-align-center has-text-color has-link-color wp-elements-261d4cbb691b73388cd0fe50cd62dbee\" style=\"color:#070731;margin-top:0px\">tp106<\/h3>\n\n\n\n<p class=\"has-text-align-center has-text-color\" style=\"color:#ee3832;font-size:14px\"><strong><strong><strong><strong>\u00dcr\u00fcn Bilgisi<\/strong><\/strong><\/strong><\/strong><\/p>\n<\/div>\n<\/div><\/div>\n\n\n\n<div id=\"wp-block-themeisle-blocks-advanced-columns-dcb8fd21\" class=\"wp-block-themeisle-blocks-advanced-columns alignfull has-3-columns has-desktop-equal-layout has-tablet-equal-layout has-mobile-collapsedRows-layout has-vertical-unset\"><div class=\"wp-block-themeisle-blocks-advanced-columns-overlay\"><\/div><div class=\"innerblocks-wrap\">\n<div id=\"wp-block-themeisle-blocks-advanced-column-07dcef47\" class=\"wp-block-themeisle-blocks-advanced-column\">\n<figure class=\"wp-block-image size-large has-custom-border\"><a href=\"https:\/\/optikim.com.tr\/wp-content\/uploads\/2025\/11\/TP325-scaled.jpg\"><img loading=\"lazy\" decoding=\"async\" width=\"1024\" height=\"683\" src=\"https:\/\/optikim.com.tr\/wp-content\/uploads\/2025\/11\/TP325-1024x683.jpg\" alt=\"\" class=\"wp-image-681\" style=\"border-style:none;border-width:0px;border-radius:0px\" srcset=\"https:\/\/optikim.com.tr\/wp-content\/uploads\/2025\/11\/TP325-1024x683.jpg 1024w, https:\/\/optikim.com.tr\/wp-content\/uploads\/2025\/11\/TP325-300x200.jpg 300w, https:\/\/optikim.com.tr\/wp-content\/uploads\/2025\/11\/TP325-768x512.jpg 768w, https:\/\/optikim.com.tr\/wp-content\/uploads\/2025\/11\/TP325-1536x1024.jpg 1536w, https:\/\/optikim.com.tr\/wp-content\/uploads\/2025\/11\/TP325-2048x1365.jpg 2048w, https:\/\/optikim.com.tr\/wp-content\/uploads\/2025\/11\/TP325-930x620.jpg 930w\" sizes=\"auto, (max-width: 1024px) 100vw, 1024px\" \/><\/a><\/figure>\n\n\n\n<div style=\"height:16px\" aria-hidden=\"true\" class=\"wp-block-spacer\"><\/div>\n\n\n\n<h3 class=\"wp-block-heading has-text-align-center has-text-color has-link-color wp-elements-e2e026cb2a3bbd9221baf8f0f0c70534\" style=\"color:#070731;margin-top:0px\">tp325<\/h3>\n\n\n\n<p class=\"has-text-align-center has-text-color\" style=\"color:#ee3832;font-size:14px\"><strong><strong>\u00dcr\u00fcn Bilgisi<\/strong><\/strong><\/p>\n<\/div>\n\n\n\n<div id=\"wp-block-themeisle-blocks-advanced-column-a668d8f5\" class=\"wp-block-themeisle-blocks-advanced-column\">\n<figure class=\"wp-block-image size-large has-custom-border\"><a href=\"https:\/\/optikim.com.tr\/wp-content\/uploads\/2025\/11\/TP354-scaled.jpg\"><img loading=\"lazy\" decoding=\"async\" width=\"1024\" height=\"683\" src=\"https:\/\/optikim.com.tr\/wp-content\/uploads\/2025\/11\/TP354-1024x683.jpg\" alt=\"\" class=\"wp-image-682\" style=\"border-style:none;border-width:0px;border-radius:0px\" srcset=\"https:\/\/optikim.com.tr\/wp-content\/uploads\/2025\/11\/TP354-1024x683.jpg 1024w, https:\/\/optikim.com.tr\/wp-content\/uploads\/2025\/11\/TP354-300x200.jpg 300w, https:\/\/optikim.com.tr\/wp-content\/uploads\/2025\/11\/TP354-768x512.jpg 768w, https:\/\/optikim.com.tr\/wp-content\/uploads\/2025\/11\/TP354-1536x1024.jpg 1536w, https:\/\/optikim.com.tr\/wp-content\/uploads\/2025\/11\/TP354-2048x1365.jpg 2048w, https:\/\/optikim.com.tr\/wp-content\/uploads\/2025\/11\/TP354-930x620.jpg 930w\" sizes=\"auto, (max-width: 1024px) 100vw, 1024px\" \/><\/a><\/figure>\n\n\n\n<div style=\"height:16px\" aria-hidden=\"true\" class=\"wp-block-spacer\"><\/div>\n\n\n\n<h3 class=\"wp-block-heading has-text-align-center has-text-color has-link-color wp-elements-fbb1ed4414147c7611165015486a2352\" style=\"color:#070731;margin-top:0px\">tp354<\/h3>\n\n\n\n<p class=\"has-text-align-center has-text-color\" style=\"color:#ee3832;font-size:14px\"><strong><strong><strong>\u00dcr\u00fcn Bilgisi<\/strong><\/strong><\/strong><\/p>\n<\/div>\n\n\n\n<div id=\"wp-block-themeisle-blocks-advanced-column-1afc2395\" class=\"wp-block-themeisle-blocks-advanced-column\">\n<figure class=\"wp-block-image size-large has-custom-border\"><a href=\"https:\/\/optikim.com.tr\/wp-content\/uploads\/2025\/11\/TP500-scaled.jpg\"><img loading=\"lazy\" decoding=\"async\" width=\"1024\" height=\"683\" src=\"https:\/\/optikim.com.tr\/wp-content\/uploads\/2025\/11\/TP500-1024x683.jpg\" alt=\"\" class=\"wp-image-683\" style=\"border-style:none;border-width:0px;border-radius:0px\" srcset=\"https:\/\/optikim.com.tr\/wp-content\/uploads\/2025\/11\/TP500-1024x683.jpg 1024w, https:\/\/optikim.com.tr\/wp-content\/uploads\/2025\/11\/TP500-300x200.jpg 300w, https:\/\/optikim.com.tr\/wp-content\/uploads\/2025\/11\/TP500-768x512.jpg 768w, https:\/\/optikim.com.tr\/wp-content\/uploads\/2025\/11\/TP500-1536x1024.jpg 1536w, https:\/\/optikim.com.tr\/wp-content\/uploads\/2025\/11\/TP500-2048x1365.jpg 2048w, https:\/\/optikim.com.tr\/wp-content\/uploads\/2025\/11\/TP500-930x620.jpg 930w\" sizes=\"auto, (max-width: 1024px) 100vw, 1024px\" \/><\/a><\/figure>\n\n\n\n<div style=\"height:16px\" aria-hidden=\"true\" class=\"wp-block-spacer\"><\/div>\n\n\n\n<h3 class=\"wp-block-heading has-text-align-center has-text-color has-link-color wp-elements-aadb83019c2ed2d8d7f2cb08baefea74\" style=\"color:#070731;margin-top:0px\">tp500<\/h3>\n\n\n\n<p class=\"has-text-align-center has-text-color\" style=\"color:#ee3832;font-size:14px\"><strong><strong><strong><strong>\u00dcr\u00fcn Bilgisi<\/strong><\/strong><\/strong><\/strong><\/p>\n<\/div>\n<\/div><\/div>\n\n\n\n<div id=\"wp-block-themeisle-blocks-advanced-columns-49c16d1a\" class=\"wp-block-themeisle-blocks-advanced-columns alignfull has-3-columns has-desktop-equal-layout has-tablet-equal-layout has-mobile-collapsedRows-layout has-vertical-unset\"><div class=\"wp-block-themeisle-blocks-advanced-columns-overlay\"><\/div><div class=\"innerblocks-wrap\">\n<div id=\"wp-block-themeisle-blocks-advanced-column-eebab596\" class=\"wp-block-themeisle-blocks-advanced-column\">\n<figure class=\"wp-block-image size-large has-custom-border\"><a href=\"https:\/\/optikim.com.tr\/wp-content\/uploads\/2025\/11\/TP600-scaled.jpg\"><img loading=\"lazy\" decoding=\"async\" width=\"1024\" height=\"683\" src=\"https:\/\/optikim.com.tr\/wp-content\/uploads\/2025\/11\/TP600-1024x683.jpg\" alt=\"\" class=\"wp-image-684\" style=\"border-style:none;border-width:0px;border-radius:0px\" srcset=\"https:\/\/optikim.com.tr\/wp-content\/uploads\/2025\/11\/TP600-1024x683.jpg 1024w, https:\/\/optikim.com.tr\/wp-content\/uploads\/2025\/11\/TP600-300x200.jpg 300w, https:\/\/optikim.com.tr\/wp-content\/uploads\/2025\/11\/TP600-768x512.jpg 768w, https:\/\/optikim.com.tr\/wp-content\/uploads\/2025\/11\/TP600-1536x1024.jpg 1536w, https:\/\/optikim.com.tr\/wp-content\/uploads\/2025\/11\/TP600-2048x1365.jpg 2048w, https:\/\/optikim.com.tr\/wp-content\/uploads\/2025\/11\/TP600-930x620.jpg 930w\" sizes=\"auto, (max-width: 1024px) 100vw, 1024px\" \/><\/a><\/figure>\n\n\n\n<div style=\"height:16px\" aria-hidden=\"true\" class=\"wp-block-spacer\"><\/div>\n\n\n\n<h3 class=\"wp-block-heading has-text-align-center has-text-color has-link-color wp-elements-bb6f05edb43080f7c89c9211051e6160\" style=\"color:#070731;margin-top:0px\">tp600<\/h3>\n\n\n\n<p class=\"has-text-align-center has-text-color\" style=\"color:#ee3832;font-size:14px\"><strong>\u00dcr\u00fcn Bilgisi<\/strong><\/p>\n<\/div>\n\n\n\n<div id=\"wp-block-themeisle-blocks-advanced-column-334011e5\" class=\"wp-block-themeisle-blocks-advanced-column\">\n<figure class=\"wp-block-image size-large has-custom-border\"><a href=\"https:\/\/optikim.com.tr\/wp-content\/uploads\/2025\/11\/Vernici-scaled.jpg\"><img loading=\"lazy\" decoding=\"async\" width=\"1024\" height=\"683\" src=\"https:\/\/optikim.com.tr\/wp-content\/uploads\/2025\/11\/Vernici-1024x683.jpg\" alt=\"\" class=\"wp-image-685\" style=\"border-style:none;border-width:0px;border-radius:0px\" srcset=\"https:\/\/optikim.com.tr\/wp-content\/uploads\/2025\/11\/Vernici-1024x683.jpg 1024w, https:\/\/optikim.com.tr\/wp-content\/uploads\/2025\/11\/Vernici-300x200.jpg 300w, https:\/\/optikim.com.tr\/wp-content\/uploads\/2025\/11\/Vernici-768x512.jpg 768w, https:\/\/optikim.com.tr\/wp-content\/uploads\/2025\/11\/Vernici-1536x1024.jpg 1536w, https:\/\/optikim.com.tr\/wp-content\/uploads\/2025\/11\/Vernici-2048x1365.jpg 2048w, https:\/\/optikim.com.tr\/wp-content\/uploads\/2025\/11\/Vernici-930x620.jpg 930w\" sizes=\"auto, (max-width: 1024px) 100vw, 1024px\" \/><\/a><\/figure>\n\n\n\n<div style=\"height:16px\" aria-hidden=\"true\" class=\"wp-block-spacer\"><\/div>\n\n\n\n<h3 class=\"wp-block-heading has-text-color has-link-color wp-elements-ddf1e1a94ae54e158cd87ee8251b5e27\" style=\"color:#070731;margin-top:0px\">.<\/h3>\n\n\n\n<p class=\"has-text-color\" style=\"color:#ee3832;font-size:14px\"><strong><strong>.<\/strong><\/strong><\/p>\n<\/div>\n\n\n\n<div id=\"wp-block-themeisle-blocks-advanced-column-c8429a62\" class=\"wp-block-themeisle-blocks-advanced-column\">\n<figure class=\"wp-block-image size-large has-custom-border\"><a href=\"https:\/\/optikim.com.tr\/wp-content\/uploads\/2025\/11\/Vernici-scaled.jpg\"><img loading=\"lazy\" decoding=\"async\" width=\"1024\" height=\"683\" src=\"https:\/\/optikim.com.tr\/wp-content\/uploads\/2025\/11\/Vernici-1024x683.jpg\" alt=\"\" class=\"wp-image-685\" style=\"border-style:none;border-width:0px;border-radius:0px\" srcset=\"https:\/\/optikim.com.tr\/wp-content\/uploads\/2025\/11\/Vernici-1024x683.jpg 1024w, https:\/\/optikim.com.tr\/wp-content\/uploads\/2025\/11\/Vernici-300x200.jpg 300w, https:\/\/optikim.com.tr\/wp-content\/uploads\/2025\/11\/Vernici-768x512.jpg 768w, https:\/\/optikim.com.tr\/wp-content\/uploads\/2025\/11\/Vernici-1536x1024.jpg 1536w, https:\/\/optikim.com.tr\/wp-content\/uploads\/2025\/11\/Vernici-2048x1365.jpg 2048w, https:\/\/optikim.com.tr\/wp-content\/uploads\/2025\/11\/Vernici-930x620.jpg 930w\" sizes=\"auto, (max-width: 1024px) 100vw, 1024px\" \/><\/a><\/figure>\n\n\n\n<div style=\"height:16px\" aria-hidden=\"true\" class=\"wp-block-spacer\"><\/div>\n\n\n\n<h3 class=\"wp-block-heading has-text-align-right has-text-color has-link-color wp-elements-1d1ea983f5f5f4e7740f89d094d5708d\" style=\"color:#070731;margin-top:0px\">.<\/h3>\n\n\n\n<p class=\"has-text-align-right has-text-color\" style=\"color:#ee3832;font-size:14px\"><strong><strong><strong>.<\/strong><\/strong><\/strong><\/p>\n<\/div>\n<\/div><\/div>\n\n\n\n<h3 class=\"wp-block-heading\">SAKLAMA KO\u015eULLARI:<\/h3>\n\n\n\n<p>Depolama odas\u0131 kuru, g\u00fcne\u015fe maruz kalmayan ve +10 \u00b0C ile +30 \u00b0C aras\u0131nda bir s\u0131cakl\u0131\u011fa sahip olmal\u0131d\u0131r. Rev.: 06\/22 Bu sayfada yer alan veriler ve bilgiler, deneyimlerimizin ve do\u011fru laboratuvar testlerimizin sonucudur. Ancak, boyama i\u015flemi kontrol\u00fcm\u00fcz d\u0131\u015f\u0131nda ger\u00e7ekle\u015fen bir dizi i\u015flem oldu\u011fundan, \u00e7evrimin nihai performans\u0131n\u0131 hi\u00e7bir \u015fekilde garanti etmez.<\/p>\n\n\n\n<p><\/p>\n","protected":false},"excerpt":{"rendered":"<p>SAKLAMA KO\u015eULLARI: Depolama odas\u0131 kuru, g\u00fcne\u015fe maruz kalmayan ve +10 \u00b0C ile +30 \u00b0C aras\u0131nda bir s\u0131cakl\u0131\u011fa sahip olmal\u0131d\u0131r. Rev.: 06\/22 Bu sayfada yer alan veriler ve bilgiler, deneyimlerimizin ve do\u011fru laboratuvar testlerimizin sonucudur. Ancak, boyama i\u015flemi kontrol\u00fcm\u00fcz d\u0131\u015f\u0131nda ger\u00e7ekle\u015fen bir dizi i\u015flem oldu\u011fundan, \u00e7evrimin nihai performans\u0131n\u0131 hi\u00e7bir \u015fekilde garanti etmez.<\/p>\n","protected":false},"author":1,"featured_media":0,"parent":0,"menu_order":0,"comment_status":"closed","ping_status":"closed","template":"","meta":{"neve_meta_sidebar":"","neve_meta_container":"","neve_meta_enable_content_width":"","neve_meta_content_width":0,"neve_meta_title_alignment":"","neve_meta_author_avatar":"","neve_post_elements_order":"","neve_meta_disable_header":"","neve_meta_disable_footer":"","neve_meta_disable_title":"","_themeisle_gutenberg_block_has_review":false,"footnotes":""},"class_list":["post-453","page","type-page","status-publish","hentry"],"_links":{"self":[{"href":"https:\/\/optikim.com.tr\/index.php?rest_route=\/wp\/v2\/pages\/453","targetHints":{"allow":["GET"]}}],"collection":[{"href":"https:\/\/optikim.com.tr\/index.php?rest_route=\/wp\/v2\/pages"}],"about":[{"href":"https:\/\/optikim.com.tr\/index.php?rest_route=\/wp\/v2\/types\/page"}],"author":[{"embeddable":true,"href":"https:\/\/optikim.com.tr\/index.php?rest_route=\/wp\/v2\/users\/1"}],"replies":[{"embeddable":true,"href":"https:\/\/optikim.com.tr\/index.php?rest_route=%2Fwp%2Fv2%2Fcomments&post=453"}],"version-history":[{"count":5,"href":"https:\/\/optikim.com.tr\/index.php?rest_route=\/wp\/v2\/pages\/453\/revisions"}],"predecessor-version":[{"id":687,"href":"https:\/\/optikim.com.tr\/index.php?rest_route=\/wp\/v2\/pages\/453\/revisions\/687"}],"wp:attachment":[{"href":"https:\/\/optikim.com.tr\/index.php?rest_route=%2Fwp%2Fv2%2Fmedia&parent=453"}],"curies":[{"name":"wp","href":"https:\/\/api.w.org\/{rel}","templated":true}]}}