{"id":46,"date":"2024-12-30T20:48:57","date_gmt":"2024-12-30T17:48:57","guid":{"rendered":"https:\/\/optikim.com.tr\/?page_id=46"},"modified":"2025-11-27T19:52:53","modified_gmt":"2025-11-27T16:52:53","slug":"hakkimizda","status":"publish","type":"page","link":"https:\/\/optikim.com.tr\/?page_id=46","title":{"rendered":"Hakk\u0131m\u0131zda"},"content":{"rendered":"<div class=\"wp-block-image\">\n<figure class=\"aligncenter size-large is-resized\"><img loading=\"lazy\" decoding=\"async\" width=\"1024\" height=\"683\" src=\"https:\/\/optikim.com.tr\/wp-content\/uploads\/2025\/01\/desinfection-etape1-2048x1366-1-1024x683.jpg\" alt=\"\" class=\"wp-image-474\" style=\"width:507px;height:auto\" srcset=\"https:\/\/optikim.com.tr\/wp-content\/uploads\/2025\/01\/desinfection-etape1-2048x1366-1-1024x683.jpg 1024w, https:\/\/optikim.com.tr\/wp-content\/uploads\/2025\/01\/desinfection-etape1-2048x1366-1-300x200.jpg 300w, https:\/\/optikim.com.tr\/wp-content\/uploads\/2025\/01\/desinfection-etape1-2048x1366-1-768x512.jpg 768w, https:\/\/optikim.com.tr\/wp-content\/uploads\/2025\/01\/desinfection-etape1-2048x1366-1-1536x1025.jpg 1536w, https:\/\/optikim.com.tr\/wp-content\/uploads\/2025\/01\/desinfection-etape1-2048x1366-1-930x620.jpg 930w, https:\/\/optikim.com.tr\/wp-content\/uploads\/2025\/01\/desinfection-etape1-2048x1366-1.jpg 2048w\" sizes=\"auto, (max-width: 1024px) 100vw, 1024px\" \/><\/figure>\n<\/div>\n\n\n<p>         35 y\u0131ll\u0131k sekt\u00f6r ve \u00fcretim deneyimi ile \u00fclkemizdeki g\u00f6zl\u00fck \u00fcreticilerine y\u00f6nelik \u00fcretimde kullan\u0131lan temel girdileri tedarik ediyoruz. Ana ilkemiz d\u00fcnyada g\u00f6zl\u00fck \u00fcretiminde kullan\u0131lan temel girdilerde kaliteye olan sadakatimizle en iyi \u00fcretici firmalar\u0131n \u00fcr\u00fcnlerini m\u00fc\u015fterilerimize sunmakt\u0131r.<\/p>\n\n\n\n<p>         M\u00fc\u015fterilerimize sundu\u011fumuz hizmetlerimizin temelinde optik sekt\u00f6r\u00fcne yol g\u00f6sterecek bilgi ve tecr\u00fcbe ile kalite odakl\u0131 bir kurulu\u015f olarak y\u00fcksek teknoloji \u00fcr\u00fcn\u00fc metal ve plastik g\u00f6zl\u00fck vernikleri, astar ve boyalar\u0131, y\u0131kama kimyasallar\u0131, vibrasyon ta\u015flar\u0131 ve kimyasallar\u0131n\u0131n yan\u0131nda enjeksiyon g\u00f6zl\u00fck \u00fcreticilerimiz i\u00e7in PA12 ve \u00e7ocuk g\u00f6zl\u00fckleri i\u00e7in elastomer malzemeleri tedarik etmekteyiz.<\/p>\n\n\n\n<p>        Amac\u0131m\u0131z, d\u00fcnyan\u0131n en iyisini m\u00fc\u015fterilerimiz i\u00e7in eri\u015filebilir k\u0131lmak ve siz de\u011ferli m\u00fc\u015fterilerimize en iyi \u015fekilde sunmakt\u0131r.<\/p>\n\n\n\n<p>       Kaliteli \u00fcr\u00fcnlerimiz ile birlikte \u00fcretimden gelen deneyimlerimizin yan\u0131nda \u00fcretimdeki her yeni geli\u015fmeyi m\u00fc\u015fterilerimizle payla\u015fmay\u0131 g\u00f6rev biliyoruz.<\/p>\n\n\n\n<figure class=\"wp-block-gallery alignwide has-nested-images columns-default is-cropped wp-block-gallery-1 is-layout-flex wp-block-gallery-is-layout-flex\">\n<figure class=\"wp-block-image size-large\"><img loading=\"lazy\" decoding=\"async\" width=\"1024\" height=\"677\" data-id=\"785\" src=\"https:\/\/optikim.com.tr\/wp-content\/uploads\/2025\/11\/WhatsApp-Image-2025-11-27-at-18.04.14-2-1-1024x677.jpeg\" alt=\"\" class=\"wp-image-785\" srcset=\"https:\/\/optikim.com.tr\/wp-content\/uploads\/2025\/11\/WhatsApp-Image-2025-11-27-at-18.04.14-2-1-1024x677.jpeg 1024w, https:\/\/optikim.com.tr\/wp-content\/uploads\/2025\/11\/WhatsApp-Image-2025-11-27-at-18.04.14-2-1-300x198.jpeg 300w, https:\/\/optikim.com.tr\/wp-content\/uploads\/2025\/11\/WhatsApp-Image-2025-11-27-at-18.04.14-2-1-768x507.jpeg 768w, https:\/\/optikim.com.tr\/wp-content\/uploads\/2025\/11\/WhatsApp-Image-2025-11-27-at-18.04.14-2-1.jpeg 1471w\" sizes=\"auto, (max-width: 1024px) 100vw, 1024px\" \/><\/figure>\n\n\n\n<figure class=\"wp-block-image size-large\"><img loading=\"lazy\" decoding=\"async\" width=\"1024\" height=\"672\" data-id=\"787\" src=\"https:\/\/optikim.com.tr\/wp-content\/uploads\/2025\/11\/WhatsApp-Image-2025-11-27-at-18.04.14-1-1024x672.jpeg\" alt=\"\" class=\"wp-image-787\" srcset=\"https:\/\/optikim.com.tr\/wp-content\/uploads\/2025\/11\/WhatsApp-Image-2025-11-27-at-18.04.14-1-1024x672.jpeg 1024w, https:\/\/optikim.com.tr\/wp-content\/uploads\/2025\/11\/WhatsApp-Image-2025-11-27-at-18.04.14-1-300x197.jpeg 300w, https:\/\/optikim.com.tr\/wp-content\/uploads\/2025\/11\/WhatsApp-Image-2025-11-27-at-18.04.14-1-768x504.jpeg 768w, https:\/\/optikim.com.tr\/wp-content\/uploads\/2025\/11\/WhatsApp-Image-2025-11-27-at-18.04.14-1.jpeg 1378w\" sizes=\"auto, (max-width: 1024px) 100vw, 1024px\" \/><\/figure>\n<\/figure>\n\n\n\n<p><\/p>\n","protected":false},"excerpt":{"rendered":"<p>35 y\u0131ll\u0131k sekt\u00f6r ve \u00fcretim deneyimi ile \u00fclkemizdeki g\u00f6zl\u00fck \u00fcreticilerine y\u00f6nelik \u00fcretimde kullan\u0131lan temel girdileri tedarik ediyoruz. Ana ilkemiz d\u00fcnyada g\u00f6zl\u00fck \u00fcretiminde kullan\u0131lan temel girdilerde kaliteye olan sadakatimizle en iyi \u00fcretici firmalar\u0131n \u00fcr\u00fcnlerini m\u00fc\u015fterilerimize sunmakt\u0131r. M\u00fc\u015fterilerimize sundu\u011fumuz hizmetlerimizin temelinde optik sekt\u00f6r\u00fcne yol g\u00f6sterecek bilgi ve tecr\u00fcbe ile kalite odakl\u0131 bir kurulu\u015f olarak y\u00fcksek teknoloji \u00fcr\u00fcn\u00fc&hellip;&nbsp;<a href=\"https:\/\/optikim.com.tr\/?page_id=46\" rel=\"bookmark\">Daha fazlas\u0131n\u0131 oku &raquo;<span class=\"screen-reader-text\">Hakk\u0131m\u0131zda<\/span><\/a><\/p>\n","protected":false},"author":1,"featured_media":474,"parent":0,"menu_order":0,"comment_status":"closed","ping_status":"closed","template":"","meta":{"neve_meta_sidebar":"","neve_meta_container":"","neve_meta_enable_content_width":"","neve_meta_content_width":0,"neve_meta_title_alignment":"","neve_meta_author_avatar":"","neve_post_elements_order":"","neve_meta_disable_header":"","neve_meta_disable_footer":"","neve_meta_disable_title":"","_themeisle_gutenberg_block_has_review":false,"footnotes":""},"class_list":["post-46","page","type-page","status-publish","has-post-thumbnail","hentry"],"_links":{"self":[{"href":"https:\/\/optikim.com.tr\/index.php?rest_route=\/wp\/v2\/pages\/46","targetHints":{"allow":["GET"]}}],"collection":[{"href":"https:\/\/optikim.com.tr\/index.php?rest_route=\/wp\/v2\/pages"}],"about":[{"href":"https:\/\/optikim.com.tr\/index.php?rest_route=\/wp\/v2\/types\/page"}],"author":[{"embeddable":true,"href":"https:\/\/optikim.com.tr\/index.php?rest_route=\/wp\/v2\/users\/1"}],"replies":[{"embeddable":true,"href":"https:\/\/optikim.com.tr\/index.php?rest_route=%2Fwp%2Fv2%2Fcomments&post=46"}],"version-history":[{"count":5,"href":"https:\/\/optikim.com.tr\/index.php?rest_route=\/wp\/v2\/pages\/46\/revisions"}],"predecessor-version":[{"id":788,"href":"https:\/\/optikim.com.tr\/index.php?rest_route=\/wp\/v2\/pages\/46\/revisions\/788"}],"wp:featuredmedia":[{"embeddable":true,"href":"https:\/\/optikim.com.tr\/index.php?rest_route=\/wp\/v2\/media\/474"}],"wp:attachment":[{"href":"https:\/\/optikim.com.tr\/index.php?rest_route=%2Fwp%2Fv2%2Fmedia&parent=46"}],"curies":[{"name":"wp","href":"https:\/\/api.w.org\/{rel}","templated":true}]}}