{"id":650,"date":"2025-11-03T21:42:24","date_gmt":"2025-11-03T18:42:24","guid":{"rendered":"https:\/\/optikim.com.tr\/?page_id=650"},"modified":"2025-11-04T21:12:52","modified_gmt":"2025-11-04T18:12:52","slug":"transparan-boyalar","status":"publish","type":"page","link":"https:\/\/optikim.com.tr\/?page_id=650","title":{"rendered":"Transparan Boyalar"},"content":{"rendered":"\n<div id=\"wp-block-themeisle-blocks-advanced-columns-29c9ec04\" class=\"wp-block-themeisle-blocks-advanced-columns alignfull has-3-columns has-desktop-equal-layout has-tablet-equal-layout has-mobile-collapsedRows-layout has-vertical-unset\"><div class=\"wp-block-themeisle-blocks-advanced-columns-overlay\"><\/div><div class=\"innerblocks-wrap\">\n<div id=\"wp-block-themeisle-blocks-advanced-column-0c1c72c3\" class=\"wp-block-themeisle-blocks-advanced-column\">\n<figure class=\"wp-block-image size-large has-custom-border\"><a href=\"https:\/\/optikim.com.tr\/wp-content\/uploads\/2025\/11\/transparanboya-scaled.jpg\"><img loading=\"lazy\" decoding=\"async\" width=\"1024\" height=\"683\" src=\"https:\/\/optikim.com.tr\/wp-content\/uploads\/2025\/11\/transparanboya-1024x683.jpg\" alt=\"\" class=\"wp-image-675\" style=\"border-style:none;border-width:0px;border-radius:0px\" srcset=\"https:\/\/optikim.com.tr\/wp-content\/uploads\/2025\/11\/transparanboya-1024x683.jpg 1024w, https:\/\/optikim.com.tr\/wp-content\/uploads\/2025\/11\/transparanboya-300x200.jpg 300w, https:\/\/optikim.com.tr\/wp-content\/uploads\/2025\/11\/transparanboya-768x512.jpg 768w, https:\/\/optikim.com.tr\/wp-content\/uploads\/2025\/11\/transparanboya-1536x1024.jpg 1536w, https:\/\/optikim.com.tr\/wp-content\/uploads\/2025\/11\/transparanboya-2048x1365.jpg 2048w, https:\/\/optikim.com.tr\/wp-content\/uploads\/2025\/11\/transparanboya-930x620.jpg 930w\" sizes=\"auto, (max-width: 1024px) 100vw, 1024px\" \/><\/a><\/figure>\n\n\n\n<div style=\"height:16px\" aria-hidden=\"true\" class=\"wp-block-spacer\"><\/div>\n\n\n\n<h3 class=\"wp-block-heading has-text-align-center has-text-color has-link-color wp-elements-38a147898e8b1c4a030ad1c278c359cf\" style=\"color:#070731;margin-top:0px\">50107m-50123m 50148m-50165m<\/h3>\n\n\n\n<p class=\"has-text-align-center has-text-color\" style=\"color:#ee3832;font-size:14px\"><strong>\u00dcr\u00fcn bilgisi<\/strong><\/p>\n<\/div>\n\n\n\n<div id=\"wp-block-themeisle-blocks-advanced-column-28d7c423\" class=\"wp-block-themeisle-blocks-advanced-column\">\n<div style=\"height:16px\" aria-hidden=\"true\" class=\"wp-block-spacer\"><\/div>\n\n\n\n<h3 class=\"wp-block-heading has-text-color has-link-color wp-elements-8864fff5ec3c13129ee9599e7a04e37c\" style=\"color:#070731;margin-top:0px\"><\/h3>\n\n\n\n<p class=\"has-text-color\" style=\"color:#ee3832;font-size:14px\"><\/p>\n<\/div>\n\n\n\n<div id=\"wp-block-themeisle-blocks-advanced-column-771be624\" class=\"wp-block-themeisle-blocks-advanced-column\">\n<div style=\"height:16px\" aria-hidden=\"true\" class=\"wp-block-spacer\"><\/div>\n\n\n\n<h3 class=\"wp-block-heading has-text-color has-link-color wp-elements-8864fff5ec3c13129ee9599e7a04e37c\" style=\"color:#070731;margin-top:0px\"><\/h3>\n\n\n\n<p class=\"has-text-color\" style=\"color:#ee3832;font-size:14px\"><\/p>\n<\/div>\n<\/div><\/div>\n\n\n\n<p><\/p>\n\n\n\n<h3 class=\"wp-block-heading\">SAKLAMA KO\u015eULLARI:<\/h3>\n\n\n\n<p>Depolama odas\u0131 kuru, g\u00fcne\u015fe maruz kalmayan ve +10 \u00b0C ile +30 \u00b0C aras\u0131nda bir s\u0131cakl\u0131\u011fa sahip olmal\u0131d\u0131r. Rev.: 06\/22 Bu sayfada yer alan veriler ve bilgiler, deneyimlerimizin ve do\u011fru laboratuvar testlerimizin sonucudur. Ancak, boyama i\u015flemi kontrol\u00fcm\u00fcz d\u0131\u015f\u0131nda ger\u00e7ekle\u015fen bir dizi i\u015flem oldu\u011fundan, \u00e7evrimin nihai performans\u0131n\u0131 hi\u00e7bir \u015fekilde garanti etmez.<\/p>\n\n\n\n<p><\/p>\n","protected":false},"excerpt":{"rendered":"<p>SAKLAMA KO\u015eULLARI: Depolama odas\u0131 kuru, g\u00fcne\u015fe maruz kalmayan ve +10 \u00b0C ile +30 \u00b0C aras\u0131nda bir s\u0131cakl\u0131\u011fa sahip olmal\u0131d\u0131r. Rev.: 06\/22 Bu sayfada yer alan veriler ve bilgiler, deneyimlerimizin ve do\u011fru laboratuvar testlerimizin sonucudur. Ancak, boyama i\u015flemi kontrol\u00fcm\u00fcz d\u0131\u015f\u0131nda ger\u00e7ekle\u015fen bir dizi i\u015flem oldu\u011fundan, \u00e7evrimin nihai performans\u0131n\u0131 hi\u00e7bir \u015fekilde garanti etmez.<\/p>\n","protected":false},"author":1,"featured_media":0,"parent":0,"menu_order":0,"comment_status":"closed","ping_status":"closed","template":"","meta":{"neve_meta_sidebar":"","neve_meta_container":"","neve_meta_enable_content_width":"","neve_meta_content_width":0,"neve_meta_title_alignment":"","neve_meta_author_avatar":"","neve_post_elements_order":"","neve_meta_disable_header":"","neve_meta_disable_footer":"","neve_meta_disable_title":"","_themeisle_gutenberg_block_has_review":false,"footnotes":""},"class_list":["post-650","page","type-page","status-publish","hentry"],"_links":{"self":[{"href":"https:\/\/optikim.com.tr\/index.php?rest_route=\/wp\/v2\/pages\/650","targetHints":{"allow":["GET"]}}],"collection":[{"href":"https:\/\/optikim.com.tr\/index.php?rest_route=\/wp\/v2\/pages"}],"about":[{"href":"https:\/\/optikim.com.tr\/index.php?rest_route=\/wp\/v2\/types\/page"}],"author":[{"embeddable":true,"href":"https:\/\/optikim.com.tr\/index.php?rest_route=\/wp\/v2\/users\/1"}],"replies":[{"embeddable":true,"href":"https:\/\/optikim.com.tr\/index.php?rest_route=%2Fwp%2Fv2%2Fcomments&post=650"}],"version-history":[{"count":6,"href":"https:\/\/optikim.com.tr\/index.php?rest_route=\/wp\/v2\/pages\/650\/revisions"}],"predecessor-version":[{"id":738,"href":"https:\/\/optikim.com.tr\/index.php?rest_route=\/wp\/v2\/pages\/650\/revisions\/738"}],"wp:attachment":[{"href":"https:\/\/optikim.com.tr\/index.php?rest_route=%2Fwp%2Fv2%2Fmedia&parent=650"}],"curies":[{"name":"wp","href":"https:\/\/api.w.org\/{rel}","templated":true}]}}