{"id":727,"date":"2025-11-04T21:03:04","date_gmt":"2025-11-04T18:03:04","guid":{"rendered":"https:\/\/optikim.com.tr\/?page_id=727"},"modified":"2025-11-04T21:07:13","modified_gmt":"2025-11-04T18:07:13","slug":"boyalar","status":"publish","type":"page","link":"https:\/\/optikim.com.tr\/?page_id=727","title":{"rendered":"Boyalar"},"content":{"rendered":"\n<div id=\"wp-block-themeisle-blocks-button-group-8b464dfd\" class=\"wp-block-themeisle-blocks-button-group wp-block-buttons\">\n<div id=\"wp-block-themeisle-blocks-button-60baf7c1\" class=\"wp-block-themeisle-blocks-button wp-block-button\"><a href=\"https:\/\/optikim.com.tr\/?page_id=453\" target=\"_self\" rel=\"noopener noreferrer\" class=\"wp-block-button__link\"><span>\u00d6rt\u00fcc\u00fc Boyalar<\/span><\/a><\/div>\n\n\n\n<div id=\"wp-block-themeisle-blocks-button-f4298542\" class=\"wp-block-themeisle-blocks-button wp-block-button\"><a href=\"https:\/\/optikim.com.tr\/?page_id=650\" target=\"_self\" rel=\"noopener noreferrer\" class=\"wp-block-button__link\"><span>Transparan Boyalar<\/span><\/a><\/div>\n<\/div>\n\n\n\n<p><\/p>\n","protected":false},"excerpt":{"rendered":"","protected":false},"author":1,"featured_media":0,"parent":0,"menu_order":0,"comment_status":"closed","ping_status":"closed","template":"","meta":{"neve_meta_sidebar":"","neve_meta_container":"","neve_meta_enable_content_width":"","neve_meta_content_width":0,"neve_meta_title_alignment":"","neve_meta_author_avatar":"","neve_post_elements_order":"","neve_meta_disable_header":"","neve_meta_disable_footer":"","neve_meta_disable_title":"","_themeisle_gutenberg_block_has_review":false,"footnotes":""},"class_list":["post-727","page","type-page","status-publish","hentry"],"_links":{"self":[{"href":"https:\/\/optikim.com.tr\/index.php?rest_route=\/wp\/v2\/pages\/727","targetHints":{"allow":["GET"]}}],"collection":[{"href":"https:\/\/optikim.com.tr\/index.php?rest_route=\/wp\/v2\/pages"}],"about":[{"href":"https:\/\/optikim.com.tr\/index.php?rest_route=\/wp\/v2\/types\/page"}],"author":[{"embeddable":true,"href":"https:\/\/optikim.com.tr\/index.php?rest_route=\/wp\/v2\/users\/1"}],"replies":[{"embeddable":true,"href":"https:\/\/optikim.com.tr\/index.php?rest_route=%2Fwp%2Fv2%2Fcomments&post=727"}],"version-history":[{"count":2,"href":"https:\/\/optikim.com.tr\/index.php?rest_route=\/wp\/v2\/pages\/727\/revisions"}],"predecessor-version":[{"id":733,"href":"https:\/\/optikim.com.tr\/index.php?rest_route=\/wp\/v2\/pages\/727\/revisions\/733"}],"wp:attachment":[{"href":"https:\/\/optikim.com.tr\/index.php?rest_route=%2Fwp%2Fv2%2Fmedia&parent=727"}],"curies":[{"name":"wp","href":"https:\/\/api.w.org\/{rel}","templated":true}]}}